{"id":327,"date":"2024-12-26T18:07:51","date_gmt":"2024-12-26T17:07:51","guid":{"rendered":"https:\/\/www.menuiserie-brancart.com\/Site\/home\/"},"modified":"2025-01-02T19:44:37","modified_gmt":"2025-01-02T18:44:37","slug":"home","status":"publish","type":"page","link":"https:\/\/www.menuiserie-brancart.com\/Site\/","title":{"rendered":"Home"},"content":{"rendered":"\t\t<div data-elementor-type=\"wp-page\" data-elementor-id=\"327\" class=\"elementor elementor-327\">\n\t\t\t\t<div class=\"elementor-element elementor-element-d5cfde3 e-con-full e-flex e-con e-parent\" data-id=\"d5cfde3\" data-element_type=\"container\" data-settings=\"{&quot;background_background&quot;:&quot;classic&quot;}\">\n\t\t\t\t<div class=\"elementor-element elementor-element-3ecd55be elementor-invisible elementor-widget elementor-widget-heading\" data-id=\"3ecd55be\" data-element_type=\"widget\" data-settings=\"{&quot;_animation&quot;:&quot;fadeIn&quot;}\" data-widget_type=\"heading.default\">\n\t\t\t\t<div class=\"elementor-widget-container\">\n\t\t\t\t\t<h1 class=\"elementor-heading-title elementor-size-default\">Menuiserie sur mesure<\/h1>\t\t\t\t<\/div>\n\t\t\t\t<\/div>\n\t\t\t\t<div class=\"elementor-element elementor-element-32b3f1bc elementor-invisible elementor-widget elementor-widget-heading\" data-id=\"32b3f1bc\" data-element_type=\"widget\" data-settings=\"{&quot;_animation&quot;:&quot;fadeIn&quot;}\" data-widget_type=\"heading.default\">\n\t\t\t\t<div class=\"elementor-widget-container\">\n\t\t\t\t\t<h5 class=\"elementor-heading-title elementor-size-default\">La menuiserie qui vous convient<\/h5>\t\t\t\t<\/div>\n\t\t\t\t<\/div>\n\t\t\t\t<div class=\"elementor-element elementor-element-2a921c06 elementor-align-center elementor-invisible elementor-widget elementor-widget-button\" data-id=\"2a921c06\" data-element_type=\"widget\" data-settings=\"{&quot;_animation&quot;:&quot;fadeIn&quot;,&quot;_animation_delay&quot;:400}\" data-widget_type=\"button.default\">\n\t\t\t\t<div class=\"elementor-widget-container\">\n\t\t\t\t\t\t\t\t\t<div class=\"elementor-button-wrapper\">\n\t\t\t\t\t<a class=\"elementor-button elementor-button-link elementor-size-sm\" href=\"https:\/\/www.menuiserie-brancart.com\/Site\/contact-us\/\">\n\t\t\t\t\t\t<span class=\"elementor-button-content-wrapper\">\n\t\t\t\t\t\t\t\t\t<span class=\"elementor-button-text\">Contactez moi<\/span>\n\t\t\t\t\t<\/span>\n\t\t\t\t\t<\/a>\n\t\t\t\t<\/div>\n\t\t\t\t\t\t\t\t<\/div>\n\t\t\t\t<\/div>\n\t\t\t\t<\/div>\n\t\t<div class=\"elementor-element elementor-element-76b52626 e-flex e-con-boxed e-con e-parent\" data-id=\"76b52626\" data-element_type=\"container\">\n\t\t\t\t\t<div class=\"e-con-inner\">\n\t\t\t\t<div class=\"elementor-element elementor-element-30e5297 elementor-widget elementor-widget-heading\" data-id=\"30e5297\" data-element_type=\"widget\" data-widget_type=\"heading.default\">\n\t\t\t\t<div class=\"elementor-widget-container\">\n\t\t\t\t\t<h2 class=\"elementor-heading-title elementor-size-default\">Nos Services<\/h2>\t\t\t\t<\/div>\n\t\t\t\t<\/div>\n\t\t\t\t<div class=\"elementor-element elementor-element-ccbb979 elementor-widget elementor-widget-heading\" data-id=\"ccbb979\" data-element_type=\"widget\" data-widget_type=\"heading.default\">\n\t\t\t\t<div class=\"elementor-widget-container\">\n\t\t\t\t\t<h5 class=\"elementor-heading-title elementor-size-default\">D\u00e9couvrez nos services de menuiserie sur mesure pour embellir votre int\u00e9rieur.<\/h5>\t\t\t\t<\/div>\n\t\t\t\t<\/div>\n\t\t<div class=\"elementor-element elementor-element-b2d7dbe e-con-full e-flex e-con e-child\" data-id=\"b2d7dbe\" data-element_type=\"container\">\n\t\t\t\t<div class=\"elementor-element elementor-element-43ed2439 elementor-widget-tablet__width-initial elementor-widget-mobile__width-inherit elementor-widget__width-initial elementor-position-top elementor-widget elementor-widget-image-box\" data-id=\"43ed2439\" data-element_type=\"widget\" data-widget_type=\"image-box.default\">\n\t\t\t\t<div class=\"elementor-widget-container\">\n\t\t\t\t\t<div class=\"elementor-image-box-wrapper\"><figure class=\"elementor-image-box-img\"><img fetchpriority=\"high\" decoding=\"async\" width=\"800\" height=\"532\" src=\"http:\/\/www.menuiserie-brancart.com\/Site\/wp-content\/uploads\/2024\/12\/pexels-grizzlybear-965878-1024x681.jpg\" class=\"elementor-animation-grow attachment-large size-large wp-image-27\" alt=\"\" srcset=\"https:\/\/www.menuiserie-brancart.com\/Site\/wp-content\/uploads\/2024\/12\/pexels-grizzlybear-965878-1024x681.jpg 1024w, https:\/\/www.menuiserie-brancart.com\/Site\/wp-content\/uploads\/2024\/12\/pexels-grizzlybear-965878-300x199.jpg 300w, https:\/\/www.menuiserie-brancart.com\/Site\/wp-content\/uploads\/2024\/12\/pexels-grizzlybear-965878-768x511.jpg 768w, https:\/\/www.menuiserie-brancart.com\/Site\/wp-content\/uploads\/2024\/12\/pexels-grizzlybear-965878-1536x1021.jpg 1536w, https:\/\/www.menuiserie-brancart.com\/Site\/wp-content\/uploads\/2024\/12\/pexels-grizzlybear-965878-2048x1362.jpg 2048w\" sizes=\"(max-width: 800px) 100vw, 800px\" \/><\/figure><div class=\"elementor-image-box-content\"><h4 class=\"elementor-image-box-title\">Porte int\u00e9rieure<\/h4><p class=\"elementor-image-box-description\">Cr\u00e9ation de portes int\u00e9rieures harmonieuses et fonctionnelles, con\u00e7ues pour apporter une touche d\u2019\u00e9l\u00e9gance \u00e0 chaque pi\u00e8ce de votre maison.<\/p><\/div><\/div>\t\t\t\t<\/div>\n\t\t\t\t<\/div>\n\t\t\t\t<div class=\"elementor-element elementor-element-3afe9b04 elementor-widget-tablet__width-initial elementor-widget-mobile__width-inherit elementor-widget__width-initial elementor-position-top elementor-widget elementor-widget-image-box\" data-id=\"3afe9b04\" data-element_type=\"widget\" data-widget_type=\"image-box.default\">\n\t\t\t\t<div class=\"elementor-widget-container\">\n\t\t\t\t\t<div class=\"elementor-image-box-wrapper\"><figure class=\"elementor-image-box-img\"><img decoding=\"async\" width=\"800\" height=\"522\" src=\"http:\/\/www.menuiserie-brancart.com\/Site\/wp-content\/uploads\/2024\/12\/pexels-pixabay-289560-1024x668.jpg\" class=\"elementor-animation-grow attachment-large size-large wp-image-28\" alt=\"\" srcset=\"https:\/\/www.menuiserie-brancart.com\/Site\/wp-content\/uploads\/2024\/12\/pexels-pixabay-289560-1024x668.jpg 1024w, https:\/\/www.menuiserie-brancart.com\/Site\/wp-content\/uploads\/2024\/12\/pexels-pixabay-289560-300x196.jpg 300w, https:\/\/www.menuiserie-brancart.com\/Site\/wp-content\/uploads\/2024\/12\/pexels-pixabay-289560-768x501.jpg 768w, https:\/\/www.menuiserie-brancart.com\/Site\/wp-content\/uploads\/2024\/12\/pexels-pixabay-289560-1536x1002.jpg 1536w, https:\/\/www.menuiserie-brancart.com\/Site\/wp-content\/uploads\/2024\/12\/pexels-pixabay-289560-2048x1335.jpg 2048w\" sizes=\"(max-width: 800px) 100vw, 800px\" \/><\/figure><div class=\"elementor-image-box-content\"><h4 class=\"elementor-image-box-title\">Chassis et pose<\/h4><p class=\"elementor-image-box-description\">R\u00e9alisation\/pose de ch\u00e2ssis de haute qualit\u00e9, combinant isolation thermique et acoustique, tout en sublimant vos ouvertures.<\/p><\/div><\/div>\t\t\t\t<\/div>\n\t\t\t\t<\/div>\n\t\t\t\t<div class=\"elementor-element elementor-element-4013ea92 elementor-widget-tablet__width-initial elementor-widget-mobile__width-inherit elementor-widget__width-initial elementor-position-top elementor-widget elementor-widget-image-box\" data-id=\"4013ea92\" data-element_type=\"widget\" data-widget_type=\"image-box.default\">\n\t\t\t\t<div class=\"elementor-widget-container\">\n\t\t\t\t\t<div class=\"elementor-image-box-wrapper\"><figure class=\"elementor-image-box-img\"><img decoding=\"async\" width=\"2560\" height=\"1709\" src=\"http:\/\/www.menuiserie-brancart.com\/Site\/wp-content\/uploads\/2024\/12\/pexels-anete-lusina-4792527-scaled.jpg\" class=\"elementor-animation-grow attachment-full size-full wp-image-29\" alt=\"\" srcset=\"https:\/\/www.menuiserie-brancart.com\/Site\/wp-content\/uploads\/2024\/12\/pexels-anete-lusina-4792527-scaled.jpg 2560w, https:\/\/www.menuiserie-brancart.com\/Site\/wp-content\/uploads\/2024\/12\/pexels-anete-lusina-4792527-300x200.jpg 300w, https:\/\/www.menuiserie-brancart.com\/Site\/wp-content\/uploads\/2024\/12\/pexels-anete-lusina-4792527-1024x684.jpg 1024w, https:\/\/www.menuiserie-brancart.com\/Site\/wp-content\/uploads\/2024\/12\/pexels-anete-lusina-4792527-768x513.jpg 768w, https:\/\/www.menuiserie-brancart.com\/Site\/wp-content\/uploads\/2024\/12\/pexels-anete-lusina-4792527-1536x1025.jpg 1536w, https:\/\/www.menuiserie-brancart.com\/Site\/wp-content\/uploads\/2024\/12\/pexels-anete-lusina-4792527-2048x1367.jpg 2048w\" sizes=\"(max-width: 2560px) 100vw, 2560px\" \/><\/figure><div class=\"elementor-image-box-content\"><h4 class=\"elementor-image-box-title\">Am\u00e9nagement<\/h4><p class=\"elementor-image-box-description\">Service personnalis\u00e9 d\u2019am\u00e9nagement int\u00e9rieur, optimisant l\u2019espace et la fonctionnalit\u00e9 de votre domicile, pour une harmonie parfaite entre esth\u00e9tique et praticit\u00e9.<\/p><\/div><\/div>\t\t\t\t<\/div>\n\t\t\t\t<\/div>\n\t\t\t\t<div class=\"elementor-element elementor-element-580d492f elementor-widget-tablet__width-initial elementor-widget-mobile__width-inherit elementor-widget__width-initial elementor-position-top elementor-widget elementor-widget-image-box\" data-id=\"580d492f\" data-element_type=\"widget\" data-widget_type=\"image-box.default\">\n\t\t\t\t<div class=\"elementor-widget-container\">\n\t\t\t\t\t<div class=\"elementor-image-box-wrapper\"><figure class=\"elementor-image-box-img\"><img loading=\"lazy\" decoding=\"async\" width=\"800\" height=\"534\" src=\"http:\/\/www.menuiserie-brancart.com\/Site\/wp-content\/uploads\/2024\/12\/fred-kleber-mYxUafmCLys-unsplash-1024x683.jpg\" class=\"elementor-animation-grow attachment-large size-large wp-image-431\" alt=\"\" srcset=\"https:\/\/www.menuiserie-brancart.com\/Site\/wp-content\/uploads\/2024\/12\/fred-kleber-mYxUafmCLys-unsplash-1024x683.jpg 1024w, https:\/\/www.menuiserie-brancart.com\/Site\/wp-content\/uploads\/2024\/12\/fred-kleber-mYxUafmCLys-unsplash-300x200.jpg 300w, https:\/\/www.menuiserie-brancart.com\/Site\/wp-content\/uploads\/2024\/12\/fred-kleber-mYxUafmCLys-unsplash-768x512.jpg 768w, https:\/\/www.menuiserie-brancart.com\/Site\/wp-content\/uploads\/2024\/12\/fred-kleber-mYxUafmCLys-unsplash-1536x1024.jpg 1536w, https:\/\/www.menuiserie-brancart.com\/Site\/wp-content\/uploads\/2024\/12\/fred-kleber-mYxUafmCLys-unsplash-2048x1365.jpg 2048w\" sizes=\"(max-width: 800px) 100vw, 800px\" \/><\/figure><div class=\"elementor-image-box-content\"><h4 class=\"elementor-image-box-title\">Meuble sur mesure<\/h4><p class=\"elementor-image-box-description\">Conception et fabrication de meubles sur mesure, alliant artisanat traditionnel et design moderne pour cr\u00e9er des pi\u00e8ces uniques qui s'int\u00e8grent parfaitement \u00e0 votre espace de vie.<\/p><\/div><\/div>\t\t\t\t<\/div>\n\t\t\t\t<\/div>\n\t\t\t\t<\/div>\n\t\t\t\t<div class=\"elementor-element elementor-element-601733c elementor-align-center elementor-invisible elementor-widget elementor-widget-button\" data-id=\"601733c\" data-element_type=\"widget\" data-settings=\"{&quot;_animation&quot;:&quot;fadeIn&quot;,&quot;_animation_delay&quot;:400}\" data-widget_type=\"button.default\">\n\t\t\t\t<div class=\"elementor-widget-container\">\n\t\t\t\t\t\t\t\t\t<div class=\"elementor-button-wrapper\">\n\t\t\t\t\t<a class=\"elementor-button elementor-button-link elementor-size-sm\" href=\"https:\/\/www.menuiserie-brancart.com\/Site\/our-services\/\">\n\t\t\t\t\t\t<span class=\"elementor-button-content-wrapper\">\n\t\t\t\t\t\t\t\t\t<span class=\"elementor-button-text\">plus de services<\/span>\n\t\t\t\t\t<\/span>\n\t\t\t\t\t<\/a>\n\t\t\t\t<\/div>\n\t\t\t\t\t\t\t\t<\/div>\n\t\t\t\t<\/div>\n\t\t\t\t\t<\/div>\n\t\t\t\t<\/div>\n\t\t<div class=\"elementor-element elementor-element-4c3cac6b e-flex e-con-boxed e-con e-parent\" data-id=\"4c3cac6b\" data-element_type=\"container\">\n\t\t\t\t\t<div class=\"e-con-inner\">\n\t\t<div class=\"elementor-element elementor-element-34530233 e-con-full e-flex e-con e-child\" data-id=\"34530233\" data-element_type=\"container\" data-settings=\"{&quot;background_background&quot;:&quot;classic&quot;}\">\n\t\t\t\t<\/div>\n\t\t<div class=\"elementor-element elementor-element-38737bf9 e-con-full e-flex e-con e-child\" data-id=\"38737bf9\" data-element_type=\"container\">\n\t\t\t\t<div class=\"elementor-element elementor-element-4fa4a666 elementor-widget elementor-widget-heading\" data-id=\"4fa4a666\" data-element_type=\"widget\" data-widget_type=\"heading.default\">\n\t\t\t\t<div class=\"elementor-widget-container\">\n\t\t\t\t\t<h3 class=\"elementor-heading-title elementor-size-default\">\u00c0 propos de moi :<\/h3>\t\t\t\t<\/div>\n\t\t\t\t<\/div>\n\t\t\t\t<div class=\"elementor-element elementor-element-3e691c69 elementor-widget elementor-widget-text-editor\" data-id=\"3e691c69\" data-element_type=\"widget\" data-widget_type=\"text-editor.default\">\n\t\t\t\t<div class=\"elementor-widget-container\">\n\t\t\t\t\t\t\t\t\t<p>Je suis Valentin Brancart, un artisan menuisier passionn\u00e9, fils d\u2019agriculteur. J&rsquo;ai grandi dans un environnement o\u00f9 le travail de la terre et du bois a toujours eu une place centrale. D\u00e8s mon plus jeune \u00e2ge, j&rsquo;ai \u00e9t\u00e9 fascin\u00e9 par la transformation du bois, ce mat\u00e9riau noble et naturel. C&rsquo;est donc tout naturellement que j&rsquo;ai d\u00e9cid\u00e9 de poursuivre mes \u00e9tudes en menuiserie pour en faire mon m\u00e9tier.<\/p><p>Apr\u00e8s avoir suivi une formation compl\u00e8te dans ce domaine, je me suis sp\u00e9cialis\u00e9 dans la cr\u00e9ation de projets sur mesure, que ce soit des meubles, des structures en bois ou des r\u00e9novations de charpentes. Je me distingue par mon sens du d\u00e9tail et ma capacit\u00e9 \u00e0 \u00e9couter mes clients, afin de r\u00e9pondre au mieux \u00e0 leurs attentes. Chaque projet est pour moi une occasion de d\u00e9montrer mon expertise tout en mettant en valeur la beaut\u00e9 brute du bois.<\/p>\t\t\t\t\t\t\t\t<\/div>\n\t\t\t\t<\/div>\n\t\t\t\t<\/div>\n\t\t\t\t\t<\/div>\n\t\t\t\t<\/div>\n\t\t<div class=\"elementor-element elementor-element-2b03c396 e-flex e-con-boxed e-con e-parent\" data-id=\"2b03c396\" data-element_type=\"container\" id=\"next\">\n\t\t\t\t\t<div class=\"e-con-inner\">\n\t\t\t\t<div class=\"elementor-element elementor-element-32bd412c elementor-widget elementor-widget-heading\" data-id=\"32bd412c\" data-element_type=\"widget\" data-widget_type=\"heading.default\">\n\t\t\t\t<div class=\"elementor-widget-container\">\n\t\t\t\t\t<h2 class=\"elementor-heading-title elementor-size-default\">Ce qui me distingue :<\/h2>\t\t\t\t<\/div>\n\t\t\t\t<\/div>\n\t\t<div class=\"elementor-element elementor-element-2230900 e-con-full e-flex e-con e-child\" data-id=\"2230900\" data-element_type=\"container\">\n\t\t<div class=\"elementor-element elementor-element-3422c57e e-con-full e-flex e-con e-child\" data-id=\"3422c57e\" data-element_type=\"container\" data-settings=\"{&quot;background_background&quot;:&quot;classic&quot;}\">\n\t\t\t\t<div class=\"elementor-element elementor-element-161e2824 elementor-widget elementor-widget-heading\" data-id=\"161e2824\" data-element_type=\"widget\" data-widget_type=\"heading.default\">\n\t\t\t\t<div class=\"elementor-widget-container\">\n\t\t\t\t\t<h4 class=\"elementor-heading-title elementor-size-default\">\u00e0 l'\u00e9coute<\/h4>\t\t\t\t<\/div>\n\t\t\t\t<\/div>\n\t\t\t\t<div class=\"elementor-element elementor-element-470c3885 elementor-widget-divider--view-line elementor-widget elementor-widget-divider\" data-id=\"470c3885\" data-element_type=\"widget\" data-widget_type=\"divider.default\">\n\t\t\t\t<div class=\"elementor-widget-container\">\n\t\t\t\t\t\t\t<div class=\"elementor-divider\">\n\t\t\t<span class=\"elementor-divider-separator\">\n\t\t\t\t\t\t<\/span>\n\t\t<\/div>\n\t\t\t\t\t\t<\/div>\n\t\t\t\t<\/div>\n\t\t\t\t<div class=\"elementor-element elementor-element-2412c2d4 elementor-widget elementor-widget-text-editor\" data-id=\"2412c2d4\" data-element_type=\"widget\" data-widget_type=\"text-editor.default\">\n\t\t\t\t<div class=\"elementor-widget-container\">\n\t\t\t\t\t\t\t\t\t<p>Nous prenons le temps de comprendre vos besoins et vos envies pour cr\u00e9er des solutions qui vous ressemblent. Votre satisfaction est notre priorit\u00e9.<\/p>\t\t\t\t\t\t\t\t<\/div>\n\t\t\t\t<\/div>\n\t\t\t\t<\/div>\n\t\t<div class=\"elementor-element elementor-element-3c11ef1e e-con-full e-flex e-con e-child\" data-id=\"3c11ef1e\" data-element_type=\"container\" data-settings=\"{&quot;background_background&quot;:&quot;classic&quot;}\">\n\t\t\t\t<div class=\"elementor-element elementor-element-4b81fa04 elementor-widget elementor-widget-heading\" data-id=\"4b81fa04\" data-element_type=\"widget\" data-widget_type=\"heading.default\">\n\t\t\t\t<div class=\"elementor-widget-container\">\n\t\t\t\t\t<h4 class=\"elementor-heading-title elementor-size-default\">Sur mesure<\/h4>\t\t\t\t<\/div>\n\t\t\t\t<\/div>\n\t\t\t\t<div class=\"elementor-element elementor-element-78cbc431 elementor-widget-divider--view-line elementor-widget elementor-widget-divider\" data-id=\"78cbc431\" data-element_type=\"widget\" data-widget_type=\"divider.default\">\n\t\t\t\t<div class=\"elementor-widget-container\">\n\t\t\t\t\t\t\t<div class=\"elementor-divider\">\n\t\t\t<span class=\"elementor-divider-separator\">\n\t\t\t\t\t\t<\/span>\n\t\t<\/div>\n\t\t\t\t\t\t<\/div>\n\t\t\t\t<\/div>\n\t\t\t\t<div class=\"elementor-element elementor-element-232fd491 elementor-widget elementor-widget-text-editor\" data-id=\"232fd491\" data-element_type=\"widget\" data-widget_type=\"text-editor.default\">\n\t\t\t\t<div class=\"elementor-widget-container\">\n\t\t\t\t\t\t\t\t\t<p>Chaque projet est unique. Nous concevons des meubles et des escaliers personnalis\u00e9s, parfaitement adapt\u00e9s \u00e0 votre espace et \u00e0 vos attentes.<\/p>\t\t\t\t\t\t\t\t<\/div>\n\t\t\t\t<\/div>\n\t\t\t\t<\/div>\n\t\t<div class=\"elementor-element elementor-element-896f1cc e-con-full e-flex e-con e-child\" data-id=\"896f1cc\" data-element_type=\"container\" data-settings=\"{&quot;background_background&quot;:&quot;classic&quot;}\">\n\t\t\t\t<div class=\"elementor-element elementor-element-74b1013b elementor-widget elementor-widget-heading\" data-id=\"74b1013b\" data-element_type=\"widget\" data-widget_type=\"heading.default\">\n\t\t\t\t<div class=\"elementor-widget-container\">\n\t\t\t\t\t<h4 class=\"elementor-heading-title elementor-size-default\">Pr\u00e9cision et minutie<\/h4>\t\t\t\t<\/div>\n\t\t\t\t<\/div>\n\t\t\t\t<div class=\"elementor-element elementor-element-270665e5 elementor-widget-divider--view-line elementor-widget elementor-widget-divider\" data-id=\"270665e5\" data-element_type=\"widget\" data-widget_type=\"divider.default\">\n\t\t\t\t<div class=\"elementor-widget-container\">\n\t\t\t\t\t\t\t<div class=\"elementor-divider\">\n\t\t\t<span class=\"elementor-divider-separator\">\n\t\t\t\t\t\t<\/span>\n\t\t<\/div>\n\t\t\t\t\t\t<\/div>\n\t\t\t\t<\/div>\n\t\t\t\t<div class=\"elementor-element elementor-element-75779c0f elementor-widget elementor-widget-text-editor\" data-id=\"75779c0f\" data-element_type=\"widget\" data-widget_type=\"text-editor.default\">\n\t\t\t\t<div class=\"elementor-widget-container\">\n\t\t\t\t\t\t\t\t\t<p>Chaque d\u00e9tail compte. Nos r\u00e9alisations sont le fruit d\u2019un travail soign\u00e9 et d\u2019une expertise artisanale incomparable.<\/p>\t\t\t\t\t\t\t\t<\/div>\n\t\t\t\t<\/div>\n\t\t\t\t<\/div>\n\t\t<div class=\"elementor-element elementor-element-28ff6772 e-con-full e-flex e-con e-child\" data-id=\"28ff6772\" data-element_type=\"container\" data-settings=\"{&quot;background_background&quot;:&quot;classic&quot;}\">\n\t\t\t\t<div class=\"elementor-element elementor-element-1321d88d elementor-widget elementor-widget-heading\" data-id=\"1321d88d\" data-element_type=\"widget\" data-widget_type=\"heading.default\">\n\t\t\t\t<div class=\"elementor-widget-container\">\n\t\t\t\t\t<h4 class=\"elementor-heading-title elementor-size-default\">Cr\u00e9ativit\u00e9<\/h4>\t\t\t\t<\/div>\n\t\t\t\t<\/div>\n\t\t\t\t<div class=\"elementor-element elementor-element-29ec59de elementor-widget-divider--view-line elementor-widget elementor-widget-divider\" data-id=\"29ec59de\" data-element_type=\"widget\" data-widget_type=\"divider.default\">\n\t\t\t\t<div class=\"elementor-widget-container\">\n\t\t\t\t\t\t\t<div class=\"elementor-divider\">\n\t\t\t<span class=\"elementor-divider-separator\">\n\t\t\t\t\t\t<\/span>\n\t\t<\/div>\n\t\t\t\t\t\t<\/div>\n\t\t\t\t<\/div>\n\t\t\t\t<div class=\"elementor-element elementor-element-59b43337 elementor-widget elementor-widget-text-editor\" data-id=\"59b43337\" data-element_type=\"widget\" data-widget_type=\"text-editor.default\">\n\t\t\t\t<div class=\"elementor-widget-container\">\n\t\t\t\t\t\t\t\t\t<p>Alliez fonctionnalit\u00e9 et esth\u00e9tique gr\u00e2ce \u00e0 des cr\u00e9ations originales qui mettent en valeur votre int\u00e9rieur avec style et \u00e9l\u00e9gance.<\/p>\t\t\t\t\t\t\t\t<\/div>\n\t\t\t\t<\/div>\n\t\t\t\t<\/div>\n\t\t\t\t<\/div>\n\t\t\t\t\t<\/div>\n\t\t\t\t<\/div>\n\t\t<div class=\"elementor-element elementor-element-9cb37db e-flex e-con-boxed e-con e-parent\" data-id=\"9cb37db\" data-element_type=\"container\">\n\t\t\t\t\t<div class=\"e-con-inner\">\n\t\t\t\t\t<\/div>\n\t\t\t\t<\/div>\n\t\t\t\t<\/div>\n\t\t","protected":false},"excerpt":{"rendered":"<p>Menuiserie sur mesure La menuiserie qui vous convient Contactez moi Nos Services D\u00e9couvrez nos services de menuiserie sur mesure pour embellir votre int\u00e9rieur. Porte int\u00e9rieure Cr\u00e9ation de portes int\u00e9rieures harmonieuses et fonctionnelles, con\u00e7ues pour apporter une touche d\u2019\u00e9l\u00e9gance \u00e0 chaque pi\u00e8ce de votre maison. Chassis et pose R\u00e9alisation\/pose de ch\u00e2ssis de haute qualit\u00e9, combinant isolation [&hellip;]<\/p>\n","protected":false},"author":1,"featured_media":0,"parent":0,"menu_order":0,"comment_status":"closed","ping_status":"closed","template":"elementor_header_footer","meta":{"footnotes":""},"class_list":["post-327","page","type-page","status-publish","hentry"],"_links":{"self":[{"href":"https:\/\/www.menuiserie-brancart.com\/Site\/wp-json\/wp\/v2\/pages\/327","targetHints":{"allow":["GET"]}}],"collection":[{"href":"https:\/\/www.menuiserie-brancart.com\/Site\/wp-json\/wp\/v2\/pages"}],"about":[{"href":"https:\/\/www.menuiserie-brancart.com\/Site\/wp-json\/wp\/v2\/types\/page"}],"author":[{"embeddable":true,"href":"https:\/\/www.menuiserie-brancart.com\/Site\/wp-json\/wp\/v2\/users\/1"}],"replies":[{"embeddable":true,"href":"https:\/\/www.menuiserie-brancart.com\/Site\/wp-json\/wp\/v2\/comments?post=327"}],"version-history":[{"count":76,"href":"https:\/\/www.menuiserie-brancart.com\/Site\/wp-json\/wp\/v2\/pages\/327\/revisions"}],"predecessor-version":[{"id":703,"href":"https:\/\/www.menuiserie-brancart.com\/Site\/wp-json\/wp\/v2\/pages\/327\/revisions\/703"}],"wp:attachment":[{"href":"https:\/\/www.menuiserie-brancart.com\/Site\/wp-json\/wp\/v2\/media?parent=327"}],"curies":[{"name":"wp","href":"https:\/\/api.w.org\/{rel}","templated":true}]}}